{"id":78,"date":"2024-05-30T02:31:04","date_gmt":"2024-05-30T00:31:04","guid":{"rendered":"https:\/\/niedersachsen.klimaliste.org\/?page_id=78"},"modified":"2026-04-12T16:41:35","modified_gmt":"2026-04-12T14:41:35","slug":"fabian-beese","status":"publish","type":"page","link":"https:\/\/niedersachsen.klimaliste.org\/?page_id=78","title":{"rendered":"Birgit Brennecke"},"content":{"rendered":"<div class=\"wp-block-image\">\n<figure class=\"alignright size-full is-resized\"><img loading=\"lazy\" decoding=\"async\" width=\"901\" height=\"990\" src=\"https:\/\/niedersachsen.klimaliste.org\/wp-content\/uploads\/sites\/12\/2026\/04\/WhatsApp-Image-2026-04-12-at-15.43.58.jpeg\" alt=\"\" class=\"wp-image-150\" style=\"width:346px;height:auto\" srcset=\"https:\/\/niedersachsen.klimaliste.org\/wp-content\/uploads\/sites\/12\/2026\/04\/WhatsApp-Image-2026-04-12-at-15.43.58.jpeg 901w, https:\/\/niedersachsen.klimaliste.org\/wp-content\/uploads\/sites\/12\/2026\/04\/WhatsApp-Image-2026-04-12-at-15.43.58-273x300.jpeg 273w, https:\/\/niedersachsen.klimaliste.org\/wp-content\/uploads\/sites\/12\/2026\/04\/WhatsApp-Image-2026-04-12-at-15.43.58-768x844.jpeg 768w\" sizes=\"(max-width: 901px) 100vw, 901px\" \/><\/figure><\/div>\n\n\n<p>Funktion: Landesvorsitzende<br>Ich habe den Landesverband der Klimaliste Niedersachsen Ende 2021 mit gegr\u00fcndet. Ab 2023 war ich im Bundesvorstand der Klimaliste Deutschland als Beisitzterin. Seit 2024 bin Bundesvorsitztende der Klimaliste Deutschland.<\/p>\n\n\n\n<h2 class=\"wp-block-heading\">\u00dcber mich<\/h2>\n\n\n\n<p>Ich bin Birgit und seit 2010 t\u00e4tig als Kommunalpolitikerin aktiv, Mutter (3 Kinder), Kinder- u. Jugendarbeit, Aktivistin gegen Erdgasf\u00f6rderung (Fracking u.a.), Dekarbonisierung f\u00fcr Klimaschutz und Frieden. <br>Berufst\u00e4tigkeit: P\u00e4dagogische Mitarbeiterin an einer Grundschule.<\/p>\n\n\n\n<p>\u0086<\/p>\n\n\n\n<p><\/p>\n","protected":false},"excerpt":{"rendered":"<p> [&hellip;]<\/p>\n","protected":false},"author":1,"featured_media":0,"parent":72,"menu_order":2,"comment_status":"closed","ping_status":"closed","template":"","meta":{"_mc_calendar":[],"footnotes":""},"coauthors":[4],"class_list":["post-78","page","type-page","status-publish","hentry"],"_links":{"self":[{"href":"https:\/\/niedersachsen.klimaliste.org\/index.php?rest_route=\/wp\/v2\/pages\/78"}],"collection":[{"href":"https:\/\/niedersachsen.klimaliste.org\/index.php?rest_route=\/wp\/v2\/pages"}],"about":[{"href":"https:\/\/niedersachsen.klimaliste.org\/index.php?rest_route=\/wp\/v2\/types\/page"}],"author":[{"embeddable":true,"href":"https:\/\/niedersachsen.klimaliste.org\/index.php?rest_route=\/wp\/v2\/users\/1"}],"replies":[{"embeddable":true,"href":"https:\/\/niedersachsen.klimaliste.org\/index.php?rest_route=%2Fwp%2Fv2%2Fcomments&post=78"}],"version-history":[{"count":9,"href":"https:\/\/niedersachsen.klimaliste.org\/index.php?rest_route=\/wp\/v2\/pages\/78\/revisions"}],"predecessor-version":[{"id":168,"href":"https:\/\/niedersachsen.klimaliste.org\/index.php?rest_route=\/wp\/v2\/pages\/78\/revisions\/168"}],"up":[{"embeddable":true,"href":"https:\/\/niedersachsen.klimaliste.org\/index.php?rest_route=\/wp\/v2\/pages\/72"}],"wp:attachment":[{"href":"https:\/\/niedersachsen.klimaliste.org\/index.php?rest_route=%2Fwp%2Fv2%2Fmedia&parent=78"}],"wp:term":[{"taxonomy":"author","embeddable":true,"href":"https:\/\/niedersachsen.klimaliste.org\/index.php?rest_route=%2Fwp%2Fv2%2Fcoauthors&post=78"}],"curies":[{"name":"wp","href":"https:\/\/api.w.org\/{rel}","templated":true}]}}