{"id":74,"date":"2024-05-30T02:27:34","date_gmt":"2024-05-30T00:27:34","guid":{"rendered":"https:\/\/niedersachsen.klimaliste.org\/?page_id=74"},"modified":"2026-04-12T16:39:59","modified_gmt":"2026-04-12T14:39:59","slug":"bernd-kroeger","status":"publish","type":"page","link":"https:\/\/niedersachsen.klimaliste.org\/?page_id=74","title":{"rendered":"Bernd Kr\u00f6ger"},"content":{"rendered":"\n<p>Funktion: Landesschatzmeister<\/p>\n\n\n\n<p>Ich habe den Landesverband der Klimaliste Niedersachsen Ende 2021 mit gegr\u00fcndet.<\/p>\n\n\n\n<h2 class=\"wp-block-heading\">\u00dcber mich<\/h2>\n\n\n\n<p>Moin, ich bin Bernd, 68 Jahre alt, habe 3 Kinder, bin als ehrenamtlich als Segelfluglehrer engagiert, in der Gemeinde setzte ich mich aktiv f\u00fcr den Klimaschutz als Klimapate ein. <br>Beruflich war ich als Molkereitechniker in der Qualit\u00e4tsicherung eines Lebensmittelkonzerns t\u00e4tig.<\/p>\n\n\n\n<figure class=\"wp-block-image size-full is-resized\"><img loading=\"lazy\" decoding=\"async\" width=\"244\" height=\"316\" src=\"https:\/\/niedersachsen.klimaliste.org\/wp-content\/uploads\/sites\/12\/2026\/04\/WhatsApp-Image-2026-04-12-at-16.07.27.jpeg\" alt=\"\" class=\"wp-image-163\" style=\"width:358px;height:auto\" srcset=\"https:\/\/niedersachsen.klimaliste.org\/wp-content\/uploads\/sites\/12\/2026\/04\/WhatsApp-Image-2026-04-12-at-16.07.27.jpeg 244w, https:\/\/niedersachsen.klimaliste.org\/wp-content\/uploads\/sites\/12\/2026\/04\/WhatsApp-Image-2026-04-12-at-16.07.27-232x300.jpeg 232w\" sizes=\"(max-width: 244px) 100vw, 244px\" \/><\/figure>\n","protected":false},"excerpt":{"rendered":"<p> [&hellip;]<\/p>\n","protected":false},"author":1,"featured_media":0,"parent":72,"menu_order":0,"comment_status":"closed","ping_status":"closed","template":"","meta":{"_mc_calendar":[],"footnotes":""},"coauthors":[4],"class_list":["post-74","page","type-page","status-publish","hentry"],"_links":{"self":[{"href":"https:\/\/niedersachsen.klimaliste.org\/index.php?rest_route=\/wp\/v2\/pages\/74"}],"collection":[{"href":"https:\/\/niedersachsen.klimaliste.org\/index.php?rest_route=\/wp\/v2\/pages"}],"about":[{"href":"https:\/\/niedersachsen.klimaliste.org\/index.php?rest_route=\/wp\/v2\/types\/page"}],"author":[{"embeddable":true,"href":"https:\/\/niedersachsen.klimaliste.org\/index.php?rest_route=\/wp\/v2\/users\/1"}],"replies":[{"embeddable":true,"href":"https:\/\/niedersachsen.klimaliste.org\/index.php?rest_route=%2Fwp%2Fv2%2Fcomments&post=74"}],"version-history":[{"count":2,"href":"https:\/\/niedersachsen.klimaliste.org\/index.php?rest_route=\/wp\/v2\/pages\/74\/revisions"}],"predecessor-version":[{"id":165,"href":"https:\/\/niedersachsen.klimaliste.org\/index.php?rest_route=\/wp\/v2\/pages\/74\/revisions\/165"}],"up":[{"embeddable":true,"href":"https:\/\/niedersachsen.klimaliste.org\/index.php?rest_route=\/wp\/v2\/pages\/72"}],"wp:attachment":[{"href":"https:\/\/niedersachsen.klimaliste.org\/index.php?rest_route=%2Fwp%2Fv2%2Fmedia&parent=74"}],"wp:term":[{"taxonomy":"author","embeddable":true,"href":"https:\/\/niedersachsen.klimaliste.org\/index.php?rest_route=%2Fwp%2Fv2%2Fcoauthors&post=74"}],"curies":[{"name":"wp","href":"https:\/\/api.w.org\/{rel}","templated":true}]}}