{"id":2,"date":"2024-02-07T14:49:09","date_gmt":"2024-02-07T13:49:09","guid":{"rendered":"http:\/\/niedersachsen.klimaliste.org\/?page_id=2"},"modified":"2024-05-30T03:02:59","modified_gmt":"2024-05-30T01:02:59","slug":"start","status":"publish","type":"page","link":"https:\/\/niedersachsen.klimaliste.org\/","title":{"rendered":"Wir sind die Klimaliste Niedersachsen"},"content":{"rendered":"\n<p>Herzlich willkommen bei der Klimaliste Niedersachsen. Wir setzen uns f\u00fcr die Einhaltung des Pariser Klimaschutzabkommens ein. Werde teil von uns! Zur Bundespartei Klimaliste Deutschland geht es <a href=\"https:\/\/klimaliste.org\/\">hier<\/a>.<\/p>\n\n\n\n<h2 class=\"wp-block-heading\">Unsere Vision<\/h2>\n\n\n<div class=\"wp-block-image\">\n<figure class=\"alignright size-large is-resized\"><img loading=\"lazy\" decoding=\"async\" width=\"1024\" height=\"654\" src=\"https:\/\/niedersachsen.klimaliste.org\/wp-content\/uploads\/sites\/12\/2024\/05\/gruene-lunge-der-erde-1024x654.jpg\" alt=\"\" class=\"wp-image-32\" style=\"width:286px;height:auto\" srcset=\"https:\/\/niedersachsen.klimaliste.org\/wp-content\/uploads\/sites\/12\/2024\/05\/gruene-lunge-der-erde-1024x654.jpg 1024w, https:\/\/niedersachsen.klimaliste.org\/wp-content\/uploads\/sites\/12\/2024\/05\/gruene-lunge-der-erde-300x192.jpg 300w, https:\/\/niedersachsen.klimaliste.org\/wp-content\/uploads\/sites\/12\/2024\/05\/gruene-lunge-der-erde-768x490.jpg 768w, https:\/\/niedersachsen.klimaliste.org\/wp-content\/uploads\/sites\/12\/2024\/05\/gruene-lunge-der-erde.jpg 1200w\" sizes=\"(max-width: 1024px) 100vw, 1024px\" \/><\/figure><\/div>\n\n\n<p>Massive Br\u00e4nde bedrohen den Permafrost. Korallenriffe sterben gro\u00dfskalig ab. Das Meereis schmilzt in immer rasanterem Tempo. Die Fakten sind eindeutig: Wir steuern in eine menschengemachte Hei\u00dfzeit mit verheerenden Konsequenzen f\u00fcr uns und die n\u00e4chsten Generationen.<\/p>\n\n\n\n<p>Die Klimakatastrophe erfordert eine sofortige \u00c4nderung unserer Wirtschafts- und Lebensweise. Doch die bisherige Klimapolitik wird dem nicht gerecht. Sie ist bei Weitem nicht ambitioniert genug, um die im Pariser Klimaabkommen festgelegten Ziele einzuhalten. Wir erleben eine v\u00f6llig unzureichende Symbolpolitik, obwohl sich in der Bev\u00f6lkerung bereits ein allgemeines Bewusstsein f\u00fcr die Problematik der Klimakatastrophe durchgesetzt hat. Dabei bietet Klimaschutz unz\u00e4hlige Chancen f\u00fcr das Entstehen vieler neuer und vor allem nachhaltiger Arbeitspl\u00e4tze. \u00d6kologische Landwirtschaft schafft gesunde Nahrungsmittel und erh\u00e4lt unsere Artenvielfalt. Nachhaltige St\u00e4dte f\u00f6rdern Gesundheit und das Wohlbefinden. Die Auszahlung eines Klimabonus an alle Menschen in Deutschland st\u00e4rkt dar\u00fcber hinaus die soziale Gerechtigkeit, da Menschen mit einem niedrigen Einkommen \u00fcberdurchschnittlich profitieren.<\/p>\n\n\n<div class=\"wp-block-image\">\n<figure class=\"alignright size-large is-resized\"><img loading=\"lazy\" decoding=\"async\" width=\"1024\" height=\"682\" src=\"https:\/\/niedersachsen.klimaliste.org\/wp-content\/uploads\/sites\/12\/2024\/05\/shutterstock_1537398179-1024x682.jpg\" alt=\"\" class=\"wp-image-34\" style=\"width:294px;height:auto\" srcset=\"https:\/\/niedersachsen.klimaliste.org\/wp-content\/uploads\/sites\/12\/2024\/05\/shutterstock_1537398179-1024x682.jpg 1024w, https:\/\/niedersachsen.klimaliste.org\/wp-content\/uploads\/sites\/12\/2024\/05\/shutterstock_1537398179-300x200.jpg 300w, https:\/\/niedersachsen.klimaliste.org\/wp-content\/uploads\/sites\/12\/2024\/05\/shutterstock_1537398179-768x512.jpg 768w, https:\/\/niedersachsen.klimaliste.org\/wp-content\/uploads\/sites\/12\/2024\/05\/shutterstock_1537398179-1200x800.jpg 1200w, https:\/\/niedersachsen.klimaliste.org\/wp-content\/uploads\/sites\/12\/2024\/05\/shutterstock_1537398179.jpg 1400w\" sizes=\"(max-width: 1024px) 100vw, 1024px\" \/><\/figure><\/div>\n\n\n<p>Die entscheidenden Weichen werden jetzt gestellt! Wir wollen Niedersachsen Lust auf Transformation, neue Ideen und mehr demokratische Teilhabe machen. Wir bringen zukunftsf\u00e4hige Ideen in die Parlamente. Dabei bilden wissenschaftliche Erkenntnisse die Basis f\u00fcr unsere politischen Entscheidungen und unser Handeln. Was wir tun m\u00fcssen, ist seit vielen Jahrzehnten bekannt \u2013 jetzt muss es endlich umgesetzt werden. Deshalb sind wir als Klimaliste Niedersachsen Teil der Klimaliste Deutschland.<\/p>\n","protected":false},"excerpt":{"rendered":"<p> [&hellip;]<\/p>\n","protected":false},"author":1,"featured_media":0,"parent":0,"menu_order":0,"comment_status":"closed","ping_status":"closed","template":"","meta":{"_mc_calendar":[],"footnotes":""},"coauthors":[4],"class_list":["post-2","page","type-page","status-publish","hentry"],"_links":{"self":[{"href":"https:\/\/niedersachsen.klimaliste.org\/index.php?rest_route=\/wp\/v2\/pages\/2"}],"collection":[{"href":"https:\/\/niedersachsen.klimaliste.org\/index.php?rest_route=\/wp\/v2\/pages"}],"about":[{"href":"https:\/\/niedersachsen.klimaliste.org\/index.php?rest_route=\/wp\/v2\/types\/page"}],"author":[{"embeddable":true,"href":"https:\/\/niedersachsen.klimaliste.org\/index.php?rest_route=\/wp\/v2\/users\/1"}],"replies":[{"embeddable":true,"href":"https:\/\/niedersachsen.klimaliste.org\/index.php?rest_route=%2Fwp%2Fv2%2Fcomments&post=2"}],"version-history":[{"count":2,"href":"https:\/\/niedersachsen.klimaliste.org\/index.php?rest_route=\/wp\/v2\/pages\/2\/revisions"}],"predecessor-version":[{"id":35,"href":"https:\/\/niedersachsen.klimaliste.org\/index.php?rest_route=\/wp\/v2\/pages\/2\/revisions\/35"}],"wp:attachment":[{"href":"https:\/\/niedersachsen.klimaliste.org\/index.php?rest_route=%2Fwp%2Fv2%2Fmedia&parent=2"}],"wp:term":[{"taxonomy":"author","embeddable":true,"href":"https:\/\/niedersachsen.klimaliste.org\/index.php?rest_route=%2Fwp%2Fv2%2Fcoauthors&post=2"}],"curies":[{"name":"wp","href":"https:\/\/api.w.org\/{rel}","templated":true}]}}