{"id":121,"date":"2024-08-30T20:56:37","date_gmt":"2024-08-30T18:56:37","guid":{"rendered":"https:\/\/niedersachsen.klimaliste.org\/?page_id=121"},"modified":"2026-04-12T16:40:36","modified_gmt":"2026-04-12T14:40:36","slug":"lasse-kroeger","status":"publish","type":"page","link":"https:\/\/niedersachsen.klimaliste.org\/?page_id=121","title":{"rendered":"Lasse Kr\u00f6ger"},"content":{"rendered":"\n<p>Funktion: Landesvorsitzender<br>Ich habe den Landesverband der Klimaliste Niedersachsen Ende 2021 mit gegr\u00fcndet. Seit 2024 bin ich im Bundesvorstand der Klimaliste Deutschland als Beisitzter.<\/p>\n\n\n\n<h2 class=\"wp-block-heading\">\u00dcber mich<\/h2>\n\n\n\n<p>Ich arbeite als Mechatroniker f\u00fcr K\u00e4ltetechnik in einem Handwerksbetrieb. <br>In meiner Freizeit bin ich als Stellv. Jugendfeuerwehrwart in der Feuerwehr aktiv. Meine T\u00e4tigkeiten dort sind: Ausbildung der Jugendlichen. Au\u00dferdem bin ich f\u00fcr die Wartung der Funkger\u00e4te und deren Ausbildung im Landkreis zust\u00e4ndig.<br><\/p>\n\n\n\n<p><\/p>\n\n\n\n<figure class=\"wp-block-image size-large is-resized\"><img loading=\"lazy\" decoding=\"async\" width=\"768\" height=\"1024\" src=\"http:\/\/niedersachsen.klimaliste.org\/wp-content\/uploads\/sites\/12\/2026\/04\/DSCN3118-768x1024.jpg\" alt=\"\" class=\"wp-image-147\" style=\"width:330px;height:auto\" srcset=\"https:\/\/niedersachsen.klimaliste.org\/wp-content\/uploads\/sites\/12\/2026\/04\/DSCN3118-768x1024.jpg 768w, https:\/\/niedersachsen.klimaliste.org\/wp-content\/uploads\/sites\/12\/2026\/04\/DSCN3118-225x300.jpg 225w, https:\/\/niedersachsen.klimaliste.org\/wp-content\/uploads\/sites\/12\/2026\/04\/DSCN3118-1152x1536.jpg 1152w, https:\/\/niedersachsen.klimaliste.org\/wp-content\/uploads\/sites\/12\/2026\/04\/DSCN3118-1536x2048.jpg 1536w, https:\/\/niedersachsen.klimaliste.org\/wp-content\/uploads\/sites\/12\/2026\/04\/DSCN3118-1200x1600.jpg 1200w, https:\/\/niedersachsen.klimaliste.org\/wp-content\/uploads\/sites\/12\/2026\/04\/DSCN3118-1980x2640.jpg 1980w, https:\/\/niedersachsen.klimaliste.org\/wp-content\/uploads\/sites\/12\/2026\/04\/DSCN3118-scaled.jpg 1920w\" sizes=\"(max-width: 768px) 100vw, 768px\" \/><\/figure>\n","protected":false},"excerpt":{"rendered":"<p> [&hellip;]<\/p>\n","protected":false},"author":42,"featured_media":0,"parent":72,"menu_order":0,"comment_status":"closed","ping_status":"closed","template":"","meta":{"_mc_calendar":[],"footnotes":""},"coauthors":[12],"class_list":["post-121","page","type-page","status-publish","hentry"],"_links":{"self":[{"href":"https:\/\/niedersachsen.klimaliste.org\/index.php?rest_route=\/wp\/v2\/pages\/121"}],"collection":[{"href":"https:\/\/niedersachsen.klimaliste.org\/index.php?rest_route=\/wp\/v2\/pages"}],"about":[{"href":"https:\/\/niedersachsen.klimaliste.org\/index.php?rest_route=\/wp\/v2\/types\/page"}],"author":[{"embeddable":true,"href":"https:\/\/niedersachsen.klimaliste.org\/index.php?rest_route=\/wp\/v2\/users\/42"}],"replies":[{"embeddable":true,"href":"https:\/\/niedersachsen.klimaliste.org\/index.php?rest_route=%2Fwp%2Fv2%2Fcomments&post=121"}],"version-history":[{"count":9,"href":"https:\/\/niedersachsen.klimaliste.org\/index.php?rest_route=\/wp\/v2\/pages\/121\/revisions"}],"predecessor-version":[{"id":166,"href":"https:\/\/niedersachsen.klimaliste.org\/index.php?rest_route=\/wp\/v2\/pages\/121\/revisions\/166"}],"up":[{"embeddable":true,"href":"https:\/\/niedersachsen.klimaliste.org\/index.php?rest_route=\/wp\/v2\/pages\/72"}],"wp:attachment":[{"href":"https:\/\/niedersachsen.klimaliste.org\/index.php?rest_route=%2Fwp%2Fv2%2Fmedia&parent=121"}],"wp:term":[{"taxonomy":"author","embeddable":true,"href":"https:\/\/niedersachsen.klimaliste.org\/index.php?rest_route=%2Fwp%2Fv2%2Fcoauthors&post=121"}],"curies":[{"name":"wp","href":"https:\/\/api.w.org\/{rel}","templated":true}]}}